{"id":1956,"date":"2022-10-12T04:35:18","date_gmt":"2022-10-12T04:35:18","guid":{"rendered":"https:\/\/n-dizajn.com\/?page_id=1956"},"modified":"2022-10-12T04:47:34","modified_gmt":"2022-10-12T04:47:34","slug":"product-list","status":"publish","type":"page","link":"https:\/\/n-dizajn.com\/hu\/product-list\/","title":{"rendered":"Product list"},"content":{"rendered":"<div data-elementor-type=\"wp-page\" data-elementor-id=\"1956\" class=\"elementor elementor-1956\" data-elementor-post-type=\"page\">\n\t\t\t\t\t\t<section class=\"elementor-section elementor-top-section elementor-element elementor-element-01b67cf elementor-section-boxed elementor-section-height-default elementor-section-height-default\" data-id=\"01b67cf\" data-element_type=\"section\" data-e-type=\"section\">\n\t\t\t\t\t\t<div class=\"elementor-container elementor-column-gap-default\">\n\t\t\t\t\t<div class=\"elementor-column elementor-col-100 elementor-top-column elementor-element elementor-element-e4b7914\" data-id=\"e4b7914\" data-element_type=\"column\" data-e-type=\"column\">\n\t\t\t<div class=\"elementor-widget-wrap elementor-element-populated\">\n\t\t\t\t\t\t<div class=\"elementor-element elementor-element-4b8b296 elementor-widget elementor-widget-posts\" data-id=\"4b8b296\" data-element_type=\"widget\" data-e-type=\"widget\" data-settings=\"{&quot;pagination_type&quot;:&quot;numbers_and_prev_next&quot;,&quot;full_content_row_gap&quot;:{&quot;unit&quot;:&quot;px&quot;,&quot;size&quot;:35,&quot;sizes&quot;:[]}}\" data-widget_type=\"posts.full_content\">\n\t\t\t\t<div class=\"elementor-widget-container\">\n\t\t\t\t\t\t\t<div class=\"elementor-posts-container elementor-posts elementor-posts--skin-full_content elementor-grid\" role=\"list\">\n\t\t\t\t<article class=\"elementor-post elementor-grid-item post-1680 product type-product status-publish has-post-thumbnail product_cat-nature-inspired-jewellery product_tag-green ornament_shape-dragonfly-shape jewellery_type-earrings jewellery_type-jewellery-sets jewellery_type-necklaces first outofstock sold-individually shipping-taxable purchasable product-type-variable has-default-attributes\" role=\"listitem\">\n\t\t\t\t<div class=\"elementor-post__text\">\n\t\t\t\t<h3 class=\"elementor-post__title\">\n\t\t\t<a href=\"https:\/\/n-dizajn.com\/hu\/termek\/emerald-dragonfly-set-with-glass-drops-earrings\/\" >\n\t\t\t\tSmaragd szitak\u00f6t\u0151 nyakl\u00e1nc pontf\u00fclbeval\u00f3kkal\t\t\t<\/a>\n\t\t<\/h3>\n\t\t\t\t<div class=\"elementor-post__meta-data\">\n\t\t\t\t\t<span class=\"elementor-post-date\">\n\t\t\tokt\u00f3ber 11, 2022\t\t<\/span>\n\t\t\t\t<\/div>\n\t\t<p>\u00d3lommentes, nikkelmentes cink \u00f6tv\u00f6zet \u00fcveggel.<\/p>\n<p>B\u0151rsz\u00e1lon vagy ez\u00fcstsz\u00edn\u0171 nyakl\u00e1ncon.<\/p>\n<p>&nbsp;<\/p>\n\t\t<\/div>\n\t\t\t\t<\/article>\n\t\t\t\t<article class=\"elementor-post elementor-grid-item post-1677 product type-product status-publish has-post-thumbnail product_cat-rainbow-glass-drops-jewellery product_tag-colourful product_tag-silver ornament_shape-tree-shape jewellery_type-necklaces  outofstock shipping-taxable purchasable product-type-simple\" role=\"listitem\">\n\t\t\t\t<div class=\"elementor-post__text\">\n\t\t\t\t<h3 class=\"elementor-post__title\">\n\t\t\t<a href=\"https:\/\/n-dizajn.com\/hu\/termek\/tiny-tree-of-life\/\" >\n\t\t\t\tKicsiny \u00e9letfa\t\t\t<\/a>\n\t\t<\/h3>\n\t\t\t\t<div class=\"elementor-post__meta-data\">\n\t\t\t\t\t<span class=\"elementor-post-date\">\n\t\t\tokt\u00f3ber 12, 2022\t\t<\/span>\n\t\t\t\t<\/div>\n\t\t<p>Tiny tree of life.<\/p>\n<p>\u00d3lommentes, nikkelmentes ez\u00fcstsz\u00edn\u0171 f\u00e9m\u00f6tv\u00f6zet \u00fcveggel.<\/p>\n<p>B\u0151rsz\u00e1lon vagy ez\u00fcstsz\u00edn\u0171 nyakl\u00e1ncon.<\/p>\n<p>Size: 28&#215;25 mm.<\/p>\n\t\t<\/div>\n\t\t\t\t<\/article>\n\t\t\t\t<article class=\"elementor-post elementor-grid-item post-1674 product type-product status-publish has-post-thumbnail product_cat-nature-inspired-jewellery product_tag-colourful ornament_shape-tree-shape jewellery_type-necklaces  outofstock shipping-taxable purchasable product-type-simple\" role=\"listitem\">\n\t\t\t\t<div class=\"elementor-post__text\">\n\t\t\t\t<h3 class=\"elementor-post__title\">\n\t\t\t<a href=\"https:\/\/n-dizajn.com\/hu\/termek\/rainbow-tree-of-life\/\" >\n\t\t\t\tSziv\u00e1rv\u00e1nyos \u00e9letfa\t\t\t<\/a>\n\t\t<\/h3>\n\t\t\t\t<div class=\"elementor-post__meta-data\">\n\t\t\t\t\t<span class=\"elementor-post-date\">\n\t\t\tokt\u00f3ber 12, 2022\t\t<\/span>\n\t\t\t\t<\/div>\n\t\t<p>\u00d3lommentes, nikkelmentes cink \u00f6tv\u00f6zet \u00fcveggel.<\/p>\n<p>B\u0151rsz\u00e1lon vagy ez\u00fcstsz\u00edn\u0171 nyakl\u00e1ncon.<\/p>\n\t\t<\/div>\n\t\t\t\t<\/article>\n\t\t\t\t<article class=\"elementor-post elementor-grid-item post-1671 product type-product status-publish has-post-thumbnail product_cat-nature-inspired-jewellery product_tag-blue product_tag-silver ornament_shape-flower-shape ornament_shape-lotus-shape jewellery_type-jewellery-sets last outofstock shipping-taxable purchasable product-type-simple\" role=\"listitem\">\n\t\t\t\t<div class=\"elementor-post__text\">\n\t\t\t\t<h3 class=\"elementor-post__title\">\n\t\t\t<a href=\"https:\/\/n-dizajn.com\/hu\/termek\/blue-lotus-set\/\" >\n\t\t\t\tK\u00e9k l\u00f3tusz szett\t\t\t<\/a>\n\t\t<\/h3>\n\t\t\t\t<div class=\"elementor-post__meta-data\">\n\t\t\t\t\t<span class=\"elementor-post-date\">\n\t\t\tokt\u00f3ber 12, 2022\t\t<\/span>\n\t\t\t\t<\/div>\n\t\t<p>\u00d3lommentes, nikkelmentes ez\u00fcstsz\u00edn\u0171 f\u00e9m\u00f6tv\u00f6zet \u00e9s \u00fcveg.<\/p>\n<p>B\u0151rsz\u00e1lon vagy ez\u00fcstsz\u00edn\u0171 l\u00e1ncon.<\/p>\n\t\t<\/div>\n\t\t\t\t<\/article>\n\t\t\t\t<article class=\"elementor-post elementor-grid-item post-1669 product type-product status-publish has-post-thumbnail product_cat-wallhangings product_tag-mosaic ornament_shape-bird-shape jewellery_type-wallhangings first outofstock shipping-taxable product-type-simple\" role=\"listitem\">\n\t\t\t\t<div class=\"elementor-post__text\">\n\t\t\t\t<h3 class=\"elementor-post__title\">\n\t\t\t<a href=\"https:\/\/n-dizajn.com\/hu\/termek\/the-other-mosaic-bird-wallhanging\/\" >\n\t\t\t\tK\u00fcl\u00f6nc mad\u00e1r mozaikk\u00e9p\t\t\t<\/a>\n\t\t<\/h3>\n\t\t\t\t<div class=\"elementor-post__meta-data\">\n\t\t\t\t\t<span class=\"elementor-post-date\">\n\t\t\tokt\u00f3ber 13, 2022\t\t<\/span>\n\t\t\t\t<\/div>\n\t\t<p>A m\u00e1sik madaras mozaikk\u00e9p<\/p>\n<p>Egyedi k\u00e9p rendelhet\u0151! K\u00e9rlek, keress <a href=\"https:\/\/www.facebook.com\/NoemiUberhardt\" target=\"_blank\" rel=\"noopener\">a Facebook oldalamon<\/a> a r\u00e9szletekkel kapcsolatban.<\/p>\n\t\t<\/div>\n\t\t\t\t<\/article>\n\t\t\t\t<article class=\"elementor-post elementor-grid-item post-1667 product type-product status-publish has-post-thumbnail product_cat-wallhangings product_tag-mosaic ornament_shape-bird-shape jewellery_type-wallhangings  outofstock shipping-taxable product-type-simple\" role=\"listitem\">\n\t\t\t\t<div class=\"elementor-post__text\">\n\t\t\t\t<h3 class=\"elementor-post__title\">\n\t\t\t<a href=\"https:\/\/n-dizajn.com\/hu\/termek\/mosaic-bird-wallhanging\/\" >\n\t\t\t\tSz\u00ednes mad\u00e1rka mozaikk\u00e9p\t\t\t<\/a>\n\t\t<\/h3>\n\t\t\t\t<div class=\"elementor-post__meta-data\">\n\t\t\t\t\t<span class=\"elementor-post-date\">\n\t\t\tokt\u00f3ber 13, 2022\t\t<\/span>\n\t\t\t\t<\/div>\n\t\t<p>\u00dcvegb\u0151l \u00e9s gy\u00f6ngy\u00f6kb\u0151l k\u00e9sz\u00fclt mozaikk\u00e9p.<\/p>\n<p>Egyedi k\u00e9p rendelhet\u0151! K\u00e9rlek, keress <a href=\"https:\/\/www.facebook.com\/NoemiUberhardt\" target=\"_blank\" rel=\"noopener\">a Facebook oldalamon<\/a> a r\u00e9szletekkel kapcsolatban.<\/p>\n\t\t<\/div>\n\t\t\t\t<\/article>\n\t\t\t\t<article class=\"elementor-post elementor-grid-item post-1664 product type-product status-publish has-post-thumbnail product_cat-rainbow-glass-drops-jewellery product_tag-blue product_tag-turquoise ornament_shape-drops-shape jewellery_type-jewellery-sets  outofstock shipping-taxable purchasable product-type-simple\" role=\"listitem\">\n\t\t\t\t<div class=\"elementor-post__text\">\n\t\t\t\t<h3 class=\"elementor-post__title\">\n\t\t\t<a href=\"https:\/\/n-dizajn.com\/hu\/termek\/bluetiful-glass-drops-set\/\" >\n\t\t\t\tK\u00e9ks\u00e9ges \u00fcvegcsepp szett\t\t\t<\/a>\n\t\t<\/h3>\n\t\t\t\t<div class=\"elementor-post__meta-data\">\n\t\t\t\t\t<span class=\"elementor-post-date\">\n\t\t\tokt\u00f3ber 12, 2022\t\t<\/span>\n\t\t\t\t<\/div>\n\t\t<p>\u00d3lommentes, nikkelmentes cink \u00f6tv\u00f6zet \u00fcveggel.<\/p>\n<p>B\u0151rsz\u00e1lon vagy ez\u00fcstsz\u00edn\u0171 nyakl\u00e1ncon.<\/p>\n\t\t<\/div>\n\t\t\t\t<\/article>\n\t\t\t\t<article class=\"elementor-post elementor-grid-item post-1661 product type-product status-publish has-post-thumbnail product_cat-rainbow-glass-drops-jewellery product_tag-pink product_tag-purple product_tag-yellow ornament_shape-drops-shape jewellery_type-necklaces last outofstock shipping-taxable purchasable product-type-simple\" role=\"listitem\">\n\t\t\t\t<div class=\"elementor-post__text\">\n\t\t\t\t<h3 class=\"elementor-post__title\">\n\t\t\t<a href=\"https:\/\/n-dizajn.com\/hu\/termek\/yellow-purple-glass-drops-necklace\/\" >\n\t\t\t\tS\u00e1rga-lila \u00fcvegcsepp nyakl\u00e1nc\t\t\t<\/a>\n\t\t<\/h3>\n\t\t\t\t<div class=\"elementor-post__meta-data\">\n\t\t\t\t\t<span class=\"elementor-post-date\">\n\t\t\tokt\u00f3ber 11, 2022\t\t<\/span>\n\t\t\t\t<\/div>\n\t\t<p>\u00d3lommentes, nikkelmentes cink \u00f6tv\u00f6zet \u00fcveggel.<\/p>\n<p>B\u0151rsz\u00e1lon.<\/p>\n\t\t<\/div>\n\t\t\t\t<\/article>\n\t\t\t\t<article class=\"elementor-post elementor-grid-item post-1659 product type-product status-publish has-post-thumbnail product_cat-rainbow-glass-drops-jewellery product_tag-brass product_tag-green product_tag-orange ornament_shape-drops-shape jewellery_type-necklaces first outofstock shipping-taxable purchasable product-type-simple\" role=\"listitem\">\n\t\t\t\t<div class=\"elementor-post__text\">\n\t\t\t\t<h3 class=\"elementor-post__title\">\n\t\t\t<a href=\"https:\/\/n-dizajn.com\/hu\/termek\/orange-green-glass-drops-set\/\" >\n\t\t\t\tNarancss\u00e1rga-z\u00f6ld \u00fcvegcsepp szett\t\t\t<\/a>\n\t\t<\/h3>\n\t\t\t\t<div class=\"elementor-post__meta-data\">\n\t\t\t\t\t<span class=\"elementor-post-date\">\n\t\t\tokt\u00f3ber 11, 2022\t\t<\/span>\n\t\t\t\t<\/div>\n\t\t<p>\u00d3lommentes, nikkelmentes cink \u00f6tv\u00f6zet \u00fcveggel.<\/p>\n<p>B\u0151rsz\u00e1lon.<\/p>\n<p>M\u00e9ret:<\/p>\n\t\t<\/div>\n\t\t\t\t<\/article>\n\t\t\t\t<article class=\"elementor-post elementor-grid-item post-1657 product type-product status-publish has-post-thumbnail product_cat-rainbow-glass-drops-jewellery product_tag-colourful ornament_shape-drops-shape jewellery_type-necklaces  outofstock shipping-taxable purchasable product-type-simple\" role=\"listitem\">\n\t\t\t\t<div class=\"elementor-post__text\">\n\t\t\t\t<h3 class=\"elementor-post__title\">\n\t\t\t<a href=\"https:\/\/n-dizajn.com\/hu\/termek\/colourful-glass-drops-necklace\/\" >\n\t\t\t\tSz\u00ednes \u00fcvegcsepp nyakl\u00e1nc\t\t\t<\/a>\n\t\t<\/h3>\n\t\t\t\t<div class=\"elementor-post__meta-data\">\n\t\t\t\t\t<span class=\"elementor-post-date\">\n\t\t\tokt\u00f3ber 7, 2022\t\t<\/span>\n\t\t\t\t<\/div>\n\t\t<p>Sz\u00ednes \u00fcvegcsepp nyakl\u00e1nc<\/p>\n\t\t<\/div>\n\t\t\t\t<\/article>\n\t\t\t\t<article class=\"elementor-post elementor-grid-item post-1655 product type-product status-publish has-post-thumbnail product_cat-rainbow-glass-drops-jewellery product_tag-blue product_tag-green ornament_shape-drop jewellery_type-necklaces  outofstock shipping-taxable purchasable product-type-simple\" role=\"listitem\">\n\t\t\t\t<div class=\"elementor-post__text\">\n\t\t\t\t<h3 class=\"elementor-post__title\">\n\t\t\t<a href=\"https:\/\/n-dizajn.com\/hu\/termek\/blue-green-glass-drops-necklace\/\" >\n\t\t\t\tK\u00e9k-z\u00f6ld \u00fcvegcsepp nyakl\u00e1nc\t\t\t<\/a>\n\t\t<\/h3>\n\t\t\t\t<div class=\"elementor-post__meta-data\">\n\t\t\t\t\t<span class=\"elementor-post-date\">\n\t\t\tokt\u00f3ber 11, 2022\t\t<\/span>\n\t\t\t\t<\/div>\n\t\t<p>K\u00e9k-z\u00f6ld \u00fcvegcsepp nyakl\u00e1nc.<\/p>\n<p>\u00d3lommentes, nikkelmentes ez\u00fcstsz\u00edn\u0171 f\u00e9m\u00f6tv\u00f6zet \u00fcveggel.<\/p>\n<p>B\u0151rsz\u00e1lon.<\/p>\n\t\t<\/div>\n\t\t\t\t<\/article>\n\t\t\t\t<article class=\"elementor-post elementor-grid-item post-1653 product type-product status-publish has-post-thumbnail product_cat-sacred-geometry-inspired-jewellery product_tag-colourful product_tag-silver ornament_shape-spiral-shape jewellery_type-necklaces last outofstock shipping-taxable purchasable product-type-simple\" role=\"listitem\">\n\t\t\t\t<div class=\"elementor-post__text\">\n\t\t\t\t<h3 class=\"elementor-post__title\">\n\t\t\t<a href=\"https:\/\/n-dizajn.com\/hu\/termek\/rainbow-fibonacci-pendant\/\" >\n\t\t\t\tSziv\u00e1rv\u00e1nyos Fibonacci Med\u00e1l\t\t\t<\/a>\n\t\t<\/h3>\n\t\t\t\t<div class=\"elementor-post__meta-data\">\n\t\t\t\t\t<span class=\"elementor-post-date\">\n\t\t\tokt\u00f3ber 11, 2022\t\t<\/span>\n\t\t\t\t<\/div>\n\t\t<p>Sziv\u00e1rv\u00e1ny sz\u00edn\u0171 fibonacci med\u00e1l.<\/p>\n<p>\u00d3lommentes, nikkelmentes cink \u00f6tv\u00f6zet \u00fcveggel.<\/p>\n<p>B\u0151rsz\u00e1lon vagy ez\u00fcstsz\u00edn\u0171 nyakl\u00e1ncon.<\/p>\n<p>M\u00e9ret: 40\u00d735 mm.<\/p>\n\t\t<\/div>\n\t\t\t\t<\/article>\n\t\t\t\t<\/div>\n\t\t\n\t\t\t\t<div class=\"e-load-more-anchor\" data-page=\"1\" data-max-page=\"8\" data-next-page=\"https:\/\/n-dizajn.com\/hu\/wp-json\/wp\/v2\/pages\/1956\/page\/2\/\"><\/div>\n\t\t\t\t<nav class=\"elementor-pagination\" aria-label=\"Lapsz\u00e1moz\u00e1s\">\n\t\t\t<span class=\"page-numbers prev\">&laquo; Previous<\/span>\n<span aria-current=\"page\" class=\"page-numbers current\"><span class=\"elementor-screen-only\">Oldal<\/span>1<\/span>\n<a class=\"page-numbers\" href=\"https:\/\/n-dizajn.com\/hu\/wp-json\/wp\/v2\/pages\/1956\/page\/2\/\"><span class=\"elementor-screen-only\">Oldal<\/span>2<\/a>\n<a class=\"page-numbers\" href=\"https:\/\/n-dizajn.com\/hu\/wp-json\/wp\/v2\/pages\/1956\/page\/3\/\"><span class=\"elementor-screen-only\">Oldal<\/span>3<\/a>\n<a class=\"page-numbers\" href=\"https:\/\/n-dizajn.com\/hu\/wp-json\/wp\/v2\/pages\/1956\/page\/4\/\"><span class=\"elementor-screen-only\">Oldal<\/span>4<\/a>\n<a class=\"page-numbers\" href=\"https:\/\/n-dizajn.com\/hu\/wp-json\/wp\/v2\/pages\/1956\/page\/5\/\"><span class=\"elementor-screen-only\">Oldal<\/span>5<\/a>\n<a class=\"page-numbers next\" href=\"https:\/\/n-dizajn.com\/hu\/wp-json\/wp\/v2\/pages\/1956\/page\/2\/\">Next &raquo;<\/a>\t\t<\/nav>\n\t\t\t\t\t\t<\/div>\n\t\t\t\t<\/div>\n\t\t\t\t\t<\/div>\n\t\t<\/div>\n\t\t\t\t\t<\/div>\n\t\t<\/section>\n\t\t\t\t<\/div>","protected":false},"excerpt":{"rendered":"","protected":false},"author":2,"featured_media":0,"parent":0,"menu_order":0,"comment_status":"closed","ping_status":"closed","template":"","meta":{"footnotes":""},"class_list":["post-1956","page","type-page","status-publish","hentry"],"yoast_head":"<!-- This site is optimized with the Yoast SEO plugin v27.5 - https:\/\/yoast.com\/product\/yoast-seo-wordpress\/ -->\n<title>Product list - n-dizajn<\/title>\n<meta name=\"robots\" content=\"index, follow, max-snippet:-1, max-image-preview:large, max-video-preview:-1\" \/>\n<link rel=\"canonical\" href=\"https:\/\/n-dizajn.com\/hu\/product-list\/\" \/>\n<meta property=\"og:locale\" content=\"hu_HU\" \/>\n<meta property=\"og:type\" content=\"article\" \/>\n<meta property=\"og:title\" content=\"Product list - n-dizajn\" \/>\n<meta property=\"og:url\" content=\"https:\/\/n-dizajn.com\/hu\/product-list\/\" \/>\n<meta property=\"og:site_name\" content=\"n-dizajn\" \/>\n<meta property=\"article:modified_time\" content=\"2022-10-12T04:47:34+00:00\" \/>\n<meta name=\"twitter:card\" content=\"summary_large_image\" \/>\n<meta name=\"twitter:label1\" content=\"Becs\u00fclt olvas\u00e1si id\u0151\" \/>\n\t<meta name=\"twitter:data1\" content=\"4 perc\" \/>\n<script type=\"application\/ld+json\" class=\"yoast-schema-graph\">{\"@context\":\"https:\\\/\\\/schema.org\",\"@graph\":[{\"@type\":\"WebPage\",\"@id\":\"https:\\\/\\\/n-dizajn.com\\\/product-list\\\/\",\"url\":\"https:\\\/\\\/n-dizajn.com\\\/product-list\\\/\",\"name\":\"Product list - n-dizajn\",\"isPartOf\":{\"@id\":\"https:\\\/\\\/n-dizajn.com\\\/#website\"},\"datePublished\":\"2022-10-12T04:35:18+00:00\",\"dateModified\":\"2022-10-12T04:47:34+00:00\",\"breadcrumb\":{\"@id\":\"https:\\\/\\\/n-dizajn.com\\\/product-list\\\/#breadcrumb\"},\"inLanguage\":\"hu\",\"potentialAction\":[{\"@type\":\"ReadAction\",\"target\":[\"https:\\\/\\\/n-dizajn.com\\\/product-list\\\/\"]}]},{\"@type\":\"BreadcrumbList\",\"@id\":\"https:\\\/\\\/n-dizajn.com\\\/product-list\\\/#breadcrumb\",\"itemListElement\":[{\"@type\":\"ListItem\",\"position\":1,\"name\":\"Home\",\"item\":\"https:\\\/\\\/n-dizajn.com\\\/\"},{\"@type\":\"ListItem\",\"position\":2,\"name\":\"Product list\"}]},{\"@type\":\"WebSite\",\"@id\":\"https:\\\/\\\/n-dizajn.com\\\/#website\",\"url\":\"https:\\\/\\\/n-dizajn.com\\\/\",\"name\":\"n-dizajn\",\"description\":\"\",\"publisher\":{\"@id\":\"https:\\\/\\\/n-dizajn.com\\\/#organization\"},\"potentialAction\":[{\"@type\":\"SearchAction\",\"target\":{\"@type\":\"EntryPoint\",\"urlTemplate\":\"https:\\\/\\\/n-dizajn.com\\\/?s={search_term_string}\"},\"query-input\":{\"@type\":\"PropertyValueSpecification\",\"valueRequired\":true,\"valueName\":\"search_term_string\"}}],\"inLanguage\":\"hu\"},{\"@type\":\"Organization\",\"@id\":\"https:\\\/\\\/n-dizajn.com\\\/#organization\",\"name\":\"n-dizajn\",\"url\":\"https:\\\/\\\/n-dizajn.com\\\/\",\"logo\":{\"@type\":\"ImageObject\",\"inLanguage\":\"hu\",\"@id\":\"https:\\\/\\\/n-dizajn.com\\\/#\\\/schema\\\/logo\\\/image\\\/\",\"url\":\"https:\\\/\\\/n-dizajn.com\\\/wp-content\\\/uploads\\\/2022\\\/07\\\/cropped-Logo01_512x512.png\",\"contentUrl\":\"https:\\\/\\\/n-dizajn.com\\\/wp-content\\\/uploads\\\/2022\\\/07\\\/cropped-Logo01_512x512.png\",\"width\":512,\"height\":512,\"caption\":\"n-dizajn\"},\"image\":{\"@id\":\"https:\\\/\\\/n-dizajn.com\\\/#\\\/schema\\\/logo\\\/image\\\/\"}}]}<\/script>\n<!-- \/ Yoast SEO plugin. -->","yoast_head_json":{"title":"Product list - n-dizajn","robots":{"index":"index","follow":"follow","max-snippet":"max-snippet:-1","max-image-preview":"max-image-preview:large","max-video-preview":"max-video-preview:-1"},"canonical":"https:\/\/n-dizajn.com\/hu\/product-list\/","og_locale":"hu_HU","og_type":"article","og_title":"Product list - n-dizajn","og_url":"https:\/\/n-dizajn.com\/hu\/product-list\/","og_site_name":"n-dizajn","article_modified_time":"2022-10-12T04:47:34+00:00","twitter_card":"summary_large_image","twitter_misc":{"Becs\u00fclt olvas\u00e1si id\u0151":"4 perc"},"schema":{"@context":"https:\/\/schema.org","@graph":[{"@type":"WebPage","@id":"https:\/\/n-dizajn.com\/product-list\/","url":"https:\/\/n-dizajn.com\/product-list\/","name":"Product list - n-dizajn","isPartOf":{"@id":"https:\/\/n-dizajn.com\/#website"},"datePublished":"2022-10-12T04:35:18+00:00","dateModified":"2022-10-12T04:47:34+00:00","breadcrumb":{"@id":"https:\/\/n-dizajn.com\/product-list\/#breadcrumb"},"inLanguage":"hu","potentialAction":[{"@type":"ReadAction","target":["https:\/\/n-dizajn.com\/product-list\/"]}]},{"@type":"BreadcrumbList","@id":"https:\/\/n-dizajn.com\/product-list\/#breadcrumb","itemListElement":[{"@type":"ListItem","position":1,"name":"Home","item":"https:\/\/n-dizajn.com\/"},{"@type":"ListItem","position":2,"name":"Product list"}]},{"@type":"WebSite","@id":"https:\/\/n-dizajn.com\/#website","url":"https:\/\/n-dizajn.com\/","name":"n-dizajn","description":"","publisher":{"@id":"https:\/\/n-dizajn.com\/#organization"},"potentialAction":[{"@type":"SearchAction","target":{"@type":"EntryPoint","urlTemplate":"https:\/\/n-dizajn.com\/?s={search_term_string}"},"query-input":{"@type":"PropertyValueSpecification","valueRequired":true,"valueName":"search_term_string"}}],"inLanguage":"hu"},{"@type":"Organization","@id":"https:\/\/n-dizajn.com\/#organization","name":"n-dizajn","url":"https:\/\/n-dizajn.com\/","logo":{"@type":"ImageObject","inLanguage":"hu","@id":"https:\/\/n-dizajn.com\/#\/schema\/logo\/image\/","url":"https:\/\/n-dizajn.com\/wp-content\/uploads\/2022\/07\/cropped-Logo01_512x512.png","contentUrl":"https:\/\/n-dizajn.com\/wp-content\/uploads\/2022\/07\/cropped-Logo01_512x512.png","width":512,"height":512,"caption":"n-dizajn"},"image":{"@id":"https:\/\/n-dizajn.com\/#\/schema\/logo\/image\/"}}]}},"jetpack_sharing_enabled":true,"_links":{"self":[{"href":"https:\/\/n-dizajn.com\/hu\/wp-json\/wp\/v2\/pages\/1956","targetHints":{"allow":["GET"]}}],"collection":[{"href":"https:\/\/n-dizajn.com\/hu\/wp-json\/wp\/v2\/pages"}],"about":[{"href":"https:\/\/n-dizajn.com\/hu\/wp-json\/wp\/v2\/types\/page"}],"author":[{"embeddable":true,"href":"https:\/\/n-dizajn.com\/hu\/wp-json\/wp\/v2\/users\/2"}],"replies":[{"embeddable":true,"href":"https:\/\/n-dizajn.com\/hu\/wp-json\/wp\/v2\/comments?post=1956"}],"version-history":[{"count":10,"href":"https:\/\/n-dizajn.com\/hu\/wp-json\/wp\/v2\/pages\/1956\/revisions"}],"predecessor-version":[{"id":1967,"href":"https:\/\/n-dizajn.com\/hu\/wp-json\/wp\/v2\/pages\/1956\/revisions\/1967"}],"wp:attachment":[{"href":"https:\/\/n-dizajn.com\/hu\/wp-json\/wp\/v2\/media?parent=1956"}],"curies":[{"name":"wp","href":"https:\/\/api.w.org\/{rel}","templated":true}]}}