{"id":1231,"date":"2022-09-19T11:50:30","date_gmt":"2022-09-19T11:50:30","guid":{"rendered":"https:\/\/n-dizajn.com\/?post_type=product&#038;p=1231"},"modified":"2022-10-11T06:42:08","modified_gmt":"2022-10-11T06:42:08","slug":"dodger-blue-indigo-flame","status":"publish","type":"product","link":"https:\/\/n-dizajn.com\/hu\/termek\/dodger-blue-indigo-flame\/","title":{"rendered":"K\u00e9k-indig\u00f3 l\u00e1ng"},"content":{"rendered":"<p>K\u00e9k-indig\u00f3 l\u00e1ng.<\/p>\n<p>\u00d3lommentes, nikkelmentes ez\u00fcstsz\u00edn\u0171 f\u00e9m\u00f6tv\u00f6zet \u00fcveggel.<\/p>\n<p>B\u0151rsz\u00e1lon vagy ez\u00fcstsz\u00edn\u0171 nyakl\u00e1ncon.<\/p>\n<p>M\u00e9ret: 40\u00d712 mm.<\/p>","protected":false},"excerpt":{"rendered":"<p>K\u00e9k-indig\u00f3 l\u00e1ng.<\/p>","protected":false},"featured_media":1233,"template":"","meta":[],"product_brand":[],"product_cat":[23],"product_tag":[92,123,126,127],"ornament_shape":[128],"jewellery_type":[39],"class_list":{"0":"post-1231","1":"product","2":"type-product","3":"status-publish","4":"has-post-thumbnail","6":"product_cat-misfit-jewellery","7":"product_tag-blue","8":"product_tag-silver","9":"product_tag-turquoise","10":"product_tag-violet","11":"ornament_shape-drop","12":"jewellery_type-necklaces","14":"first","15":"outofstock","16":"shipping-taxable","17":"purchasable","18":"product-type-simple"},"yoast_head":"<!-- This site is optimized with the Yoast SEO plugin v27.5 - https:\/\/yoast.com\/product\/yoast-seo-wordpress\/ -->\n<title>Dodger Blue-Indigo Flame - n-dizajn<\/title>\n<meta name=\"robots\" content=\"index, follow, max-snippet:-1, max-image-preview:large, max-video-preview:-1\" \/>\n<link rel=\"canonical\" href=\"https:\/\/n-dizajn.com\/hu\/termek\/dodger-blue-indigo-flame\/\" \/>\n<meta property=\"og:locale\" content=\"hu_HU\" \/>\n<meta property=\"og:type\" content=\"article\" \/>\n<meta property=\"og:title\" content=\"Dodger Blue-Indigo Flame - n-dizajn\" \/>\n<meta property=\"og:description\" content=\"Dodger Blue-Indigo Flame.\" \/>\n<meta property=\"og:url\" content=\"https:\/\/n-dizajn.com\/hu\/termek\/dodger-blue-indigo-flame\/\" \/>\n<meta property=\"og:site_name\" content=\"n-dizajn\" \/>\n<meta property=\"article:modified_time\" content=\"2022-10-11T06:42:08+00:00\" \/>\n<meta property=\"og:image\" content=\"https:\/\/n-dizajn.com\/wp-content\/uploads\/2022\/09\/Dodger_blue-indigo_flame_02-1.jpg\" \/>\n\t<meta property=\"og:image:width\" content=\"800\" \/>\n\t<meta property=\"og:image:height\" content=\"800\" \/>\n\t<meta property=\"og:image:type\" content=\"image\/jpeg\" \/>\n<meta name=\"twitter:card\" content=\"summary_large_image\" \/>\n<meta name=\"twitter:label1\" content=\"Becs\u00fclt olvas\u00e1si id\u0151\" \/>\n\t<meta name=\"twitter:data1\" content=\"1 perc\" \/>\n<script type=\"application\/ld+json\" class=\"yoast-schema-graph\">{\"@context\":\"https:\\\/\\\/schema.org\",\"@graph\":[{\"@type\":\"WebPage\",\"@id\":\"https:\\\/\\\/n-dizajn.com\\\/product\\\/dodger-blue-indigo-flame\\\/\",\"url\":\"https:\\\/\\\/n-dizajn.com\\\/product\\\/dodger-blue-indigo-flame\\\/\",\"name\":\"Dodger Blue-Indigo Flame - n-dizajn\",\"isPartOf\":{\"@id\":\"https:\\\/\\\/n-dizajn.com\\\/#website\"},\"primaryImageOfPage\":{\"@id\":\"https:\\\/\\\/n-dizajn.com\\\/product\\\/dodger-blue-indigo-flame\\\/#primaryimage\"},\"image\":{\"@id\":\"https:\\\/\\\/n-dizajn.com\\\/product\\\/dodger-blue-indigo-flame\\\/#primaryimage\"},\"thumbnailUrl\":\"https:\\\/\\\/n-dizajn.com\\\/wp-content\\\/uploads\\\/2022\\\/09\\\/Dodger_blue-indigo_flame_02-1.jpg\",\"datePublished\":\"2022-09-19T11:50:30+00:00\",\"dateModified\":\"2022-10-11T06:42:08+00:00\",\"breadcrumb\":{\"@id\":\"https:\\\/\\\/n-dizajn.com\\\/product\\\/dodger-blue-indigo-flame\\\/#breadcrumb\"},\"inLanguage\":\"hu\",\"potentialAction\":[{\"@type\":\"ReadAction\",\"target\":[\"https:\\\/\\\/n-dizajn.com\\\/product\\\/dodger-blue-indigo-flame\\\/\"]}]},{\"@type\":\"ImageObject\",\"inLanguage\":\"hu\",\"@id\":\"https:\\\/\\\/n-dizajn.com\\\/product\\\/dodger-blue-indigo-flame\\\/#primaryimage\",\"url\":\"https:\\\/\\\/n-dizajn.com\\\/wp-content\\\/uploads\\\/2022\\\/09\\\/Dodger_blue-indigo_flame_02-1.jpg\",\"contentUrl\":\"https:\\\/\\\/n-dizajn.com\\\/wp-content\\\/uploads\\\/2022\\\/09\\\/Dodger_blue-indigo_flame_02-1.jpg\",\"width\":800,\"height\":800},{\"@type\":\"BreadcrumbList\",\"@id\":\"https:\\\/\\\/n-dizajn.com\\\/product\\\/dodger-blue-indigo-flame\\\/#breadcrumb\",\"itemListElement\":[{\"@type\":\"ListItem\",\"position\":1,\"name\":\"Home\",\"item\":\"https:\\\/\\\/n-dizajn.com\\\/\"},{\"@type\":\"ListItem\",\"position\":2,\"name\":\"Shop\",\"item\":\"https:\\\/\\\/n-dizajn.com\\\/\"},{\"@type\":\"ListItem\",\"position\":3,\"name\":\"Dodger Blue-Indigo Flame\"}]},{\"@type\":\"WebSite\",\"@id\":\"https:\\\/\\\/n-dizajn.com\\\/#website\",\"url\":\"https:\\\/\\\/n-dizajn.com\\\/\",\"name\":\"n-dizajn\",\"description\":\"\",\"publisher\":{\"@id\":\"https:\\\/\\\/n-dizajn.com\\\/#organization\"},\"potentialAction\":[{\"@type\":\"SearchAction\",\"target\":{\"@type\":\"EntryPoint\",\"urlTemplate\":\"https:\\\/\\\/n-dizajn.com\\\/?s={search_term_string}\"},\"query-input\":{\"@type\":\"PropertyValueSpecification\",\"valueRequired\":true,\"valueName\":\"search_term_string\"}}],\"inLanguage\":\"hu\"},{\"@type\":\"Organization\",\"@id\":\"https:\\\/\\\/n-dizajn.com\\\/#organization\",\"name\":\"n-dizajn\",\"url\":\"https:\\\/\\\/n-dizajn.com\\\/\",\"logo\":{\"@type\":\"ImageObject\",\"inLanguage\":\"hu\",\"@id\":\"https:\\\/\\\/n-dizajn.com\\\/#\\\/schema\\\/logo\\\/image\\\/\",\"url\":\"https:\\\/\\\/n-dizajn.com\\\/wp-content\\\/uploads\\\/2022\\\/07\\\/cropped-Logo01_512x512.png\",\"contentUrl\":\"https:\\\/\\\/n-dizajn.com\\\/wp-content\\\/uploads\\\/2022\\\/07\\\/cropped-Logo01_512x512.png\",\"width\":512,\"height\":512,\"caption\":\"n-dizajn\"},\"image\":{\"@id\":\"https:\\\/\\\/n-dizajn.com\\\/#\\\/schema\\\/logo\\\/image\\\/\"}}]}<\/script>\n<!-- \/ Yoast SEO plugin. -->","yoast_head_json":{"title":"Dodger Blue-Indigo Flame - n-dizajn","robots":{"index":"index","follow":"follow","max-snippet":"max-snippet:-1","max-image-preview":"max-image-preview:large","max-video-preview":"max-video-preview:-1"},"canonical":"https:\/\/n-dizajn.com\/hu\/termek\/dodger-blue-indigo-flame\/","og_locale":"hu_HU","og_type":"article","og_title":"Dodger Blue-Indigo Flame - n-dizajn","og_description":"Dodger Blue-Indigo Flame.","og_url":"https:\/\/n-dizajn.com\/hu\/termek\/dodger-blue-indigo-flame\/","og_site_name":"n-dizajn","article_modified_time":"2022-10-11T06:42:08+00:00","og_image":[{"width":800,"height":800,"url":"https:\/\/n-dizajn.com\/wp-content\/uploads\/2022\/09\/Dodger_blue-indigo_flame_02-1.jpg","type":"image\/jpeg"}],"twitter_card":"summary_large_image","twitter_misc":{"Becs\u00fclt olvas\u00e1si id\u0151":"1 perc"},"schema":{"@context":"https:\/\/schema.org","@graph":[{"@type":"WebPage","@id":"https:\/\/n-dizajn.com\/product\/dodger-blue-indigo-flame\/","url":"https:\/\/n-dizajn.com\/product\/dodger-blue-indigo-flame\/","name":"Dodger Blue-Indigo Flame - n-dizajn","isPartOf":{"@id":"https:\/\/n-dizajn.com\/#website"},"primaryImageOfPage":{"@id":"https:\/\/n-dizajn.com\/product\/dodger-blue-indigo-flame\/#primaryimage"},"image":{"@id":"https:\/\/n-dizajn.com\/product\/dodger-blue-indigo-flame\/#primaryimage"},"thumbnailUrl":"https:\/\/n-dizajn.com\/wp-content\/uploads\/2022\/09\/Dodger_blue-indigo_flame_02-1.jpg","datePublished":"2022-09-19T11:50:30+00:00","dateModified":"2022-10-11T06:42:08+00:00","breadcrumb":{"@id":"https:\/\/n-dizajn.com\/product\/dodger-blue-indigo-flame\/#breadcrumb"},"inLanguage":"hu","potentialAction":[{"@type":"ReadAction","target":["https:\/\/n-dizajn.com\/product\/dodger-blue-indigo-flame\/"]}]},{"@type":"ImageObject","inLanguage":"hu","@id":"https:\/\/n-dizajn.com\/product\/dodger-blue-indigo-flame\/#primaryimage","url":"https:\/\/n-dizajn.com\/wp-content\/uploads\/2022\/09\/Dodger_blue-indigo_flame_02-1.jpg","contentUrl":"https:\/\/n-dizajn.com\/wp-content\/uploads\/2022\/09\/Dodger_blue-indigo_flame_02-1.jpg","width":800,"height":800},{"@type":"BreadcrumbList","@id":"https:\/\/n-dizajn.com\/product\/dodger-blue-indigo-flame\/#breadcrumb","itemListElement":[{"@type":"ListItem","position":1,"name":"Home","item":"https:\/\/n-dizajn.com\/"},{"@type":"ListItem","position":2,"name":"Shop","item":"https:\/\/n-dizajn.com\/"},{"@type":"ListItem","position":3,"name":"Dodger Blue-Indigo Flame"}]},{"@type":"WebSite","@id":"https:\/\/n-dizajn.com\/#website","url":"https:\/\/n-dizajn.com\/","name":"n-dizajn","description":"","publisher":{"@id":"https:\/\/n-dizajn.com\/#organization"},"potentialAction":[{"@type":"SearchAction","target":{"@type":"EntryPoint","urlTemplate":"https:\/\/n-dizajn.com\/?s={search_term_string}"},"query-input":{"@type":"PropertyValueSpecification","valueRequired":true,"valueName":"search_term_string"}}],"inLanguage":"hu"},{"@type":"Organization","@id":"https:\/\/n-dizajn.com\/#organization","name":"n-dizajn","url":"https:\/\/n-dizajn.com\/","logo":{"@type":"ImageObject","inLanguage":"hu","@id":"https:\/\/n-dizajn.com\/#\/schema\/logo\/image\/","url":"https:\/\/n-dizajn.com\/wp-content\/uploads\/2022\/07\/cropped-Logo01_512x512.png","contentUrl":"https:\/\/n-dizajn.com\/wp-content\/uploads\/2022\/07\/cropped-Logo01_512x512.png","width":512,"height":512,"caption":"n-dizajn"},"image":{"@id":"https:\/\/n-dizajn.com\/#\/schema\/logo\/image\/"}}]}},"jetpack_sharing_enabled":true,"_links":{"self":[{"href":"https:\/\/n-dizajn.com\/hu\/wp-json\/wp\/v2\/product\/1231","targetHints":{"allow":["GET"]}}],"collection":[{"href":"https:\/\/n-dizajn.com\/hu\/wp-json\/wp\/v2\/product"}],"about":[{"href":"https:\/\/n-dizajn.com\/hu\/wp-json\/wp\/v2\/types\/product"}],"wp:featuredmedia":[{"embeddable":true,"href":"https:\/\/n-dizajn.com\/hu\/wp-json\/wp\/v2\/media\/1233"}],"wp:attachment":[{"href":"https:\/\/n-dizajn.com\/hu\/wp-json\/wp\/v2\/media?parent=1231"}],"wp:term":[{"taxonomy":"product_brand","embeddable":true,"href":"https:\/\/n-dizajn.com\/hu\/wp-json\/wp\/v2\/product_brand?post=1231"},{"taxonomy":"product_cat","embeddable":true,"href":"https:\/\/n-dizajn.com\/hu\/wp-json\/wp\/v2\/product_cat?post=1231"},{"taxonomy":"product_tag","embeddable":true,"href":"https:\/\/n-dizajn.com\/hu\/wp-json\/wp\/v2\/product_tag?post=1231"},{"taxonomy":"ornament_shape","embeddable":true,"href":"https:\/\/n-dizajn.com\/hu\/wp-json\/wp\/v2\/ornament_shape?post=1231"},{"taxonomy":"jewellery_type","embeddable":true,"href":"https:\/\/n-dizajn.com\/hu\/wp-json\/wp\/v2\/jewellery_type?post=1231"}],"curies":[{"name":"wp","href":"https:\/\/api.w.org\/{rel}","templated":true}]}}