{"id":1302,"date":"2022-09-20T03:36:34","date_gmt":"2022-09-20T03:36:34","guid":{"rendered":"https:\/\/n-dizajn.com\/?post_type=product&#038;p=1302"},"modified":"2022-10-11T06:40:33","modified_gmt":"2022-10-11T06:40:33","slug":"amazon-green-leaf-pendant","status":"publish","type":"product","link":"https:\/\/n-dizajn.com\/hu\/termek\/amazon-green-leaf-pendant\/","title":{"rendered":"Amazonz\u00f6ld falev\u00e9l med\u00e1l"},"content":{"rendered":"<p>Amazonz\u00f6ld falev\u00e9l med\u00e1l.<\/p>\n<p>\u00d3lommentes, nikkelmentes bronzsz\u00edn\u0171 f\u00e9m\u00f6tv\u00f6zet \u00fcveggel.<\/p>\n<p>B\u0151rsz\u00e1lon.<\/p>\n<p>M\u00e9ret: 48\u00d728 mm.<\/p>","protected":false},"excerpt":{"rendered":"<p>Amazonz\u00f6ld falev\u00e9l med\u00e1l.<\/p>","protected":false},"featured_media":1303,"template":"","meta":[],"product_brand":[],"product_cat":[26],"product_tag":[129,95],"ornament_shape":[124],"jewellery_type":[39],"class_list":{"0":"post-1302","1":"product","2":"type-product","3":"status-publish","4":"has-post-thumbnail","6":"product_cat-nature-inspired-jewellery","7":"product_tag-brass","8":"product_tag-green","9":"ornament_shape-leaf","10":"jewellery_type-necklaces","12":"first","13":"outofstock","14":"shipping-taxable","15":"purchasable","16":"product-type-simple"},"yoast_head":"<!-- This site is optimized with the Yoast SEO plugin v27.5 - https:\/\/yoast.com\/product\/yoast-seo-wordpress\/ -->\n<title>Amazon Green Leaf Pendant - n-dizajn<\/title>\n<meta name=\"robots\" content=\"index, follow, max-snippet:-1, max-image-preview:large, max-video-preview:-1\" \/>\n<link rel=\"canonical\" href=\"https:\/\/n-dizajn.com\/hu\/termek\/amazon-green-leaf-pendant\/\" \/>\n<meta property=\"og:locale\" content=\"hu_HU\" \/>\n<meta property=\"og:type\" content=\"article\" \/>\n<meta property=\"og:title\" content=\"Amazon Green Leaf Pendant - n-dizajn\" \/>\n<meta property=\"og:description\" content=\"Amazon Green Leaf Pendant.\" \/>\n<meta property=\"og:url\" content=\"https:\/\/n-dizajn.com\/hu\/termek\/amazon-green-leaf-pendant\/\" \/>\n<meta property=\"og:site_name\" content=\"n-dizajn\" \/>\n<meta property=\"article:modified_time\" content=\"2022-10-11T06:40:33+00:00\" \/>\n<meta property=\"og:image\" content=\"https:\/\/n-dizajn.com\/wp-content\/uploads\/2022\/09\/firstleafgreenpendant_leafpendants_PI.jpg\" \/>\n\t<meta property=\"og:image:width\" content=\"512\" \/>\n\t<meta property=\"og:image:height\" content=\"512\" \/>\n\t<meta property=\"og:image:type\" content=\"image\/jpeg\" \/>\n<meta name=\"twitter:card\" content=\"summary_large_image\" \/>\n<meta name=\"twitter:label1\" content=\"Becs\u00fclt olvas\u00e1si id\u0151\" \/>\n\t<meta name=\"twitter:data1\" content=\"1 perc\" \/>\n<script type=\"application\/ld+json\" class=\"yoast-schema-graph\">{\"@context\":\"https:\\\/\\\/schema.org\",\"@graph\":[{\"@type\":\"WebPage\",\"@id\":\"https:\\\/\\\/n-dizajn.com\\\/product\\\/amazon-green-leaf-pendant\\\/\",\"url\":\"https:\\\/\\\/n-dizajn.com\\\/product\\\/amazon-green-leaf-pendant\\\/\",\"name\":\"Amazon Green Leaf Pendant - n-dizajn\",\"isPartOf\":{\"@id\":\"https:\\\/\\\/n-dizajn.com\\\/#website\"},\"primaryImageOfPage\":{\"@id\":\"https:\\\/\\\/n-dizajn.com\\\/product\\\/amazon-green-leaf-pendant\\\/#primaryimage\"},\"image\":{\"@id\":\"https:\\\/\\\/n-dizajn.com\\\/product\\\/amazon-green-leaf-pendant\\\/#primaryimage\"},\"thumbnailUrl\":\"https:\\\/\\\/n-dizajn.com\\\/wp-content\\\/uploads\\\/2022\\\/09\\\/firstleafgreenpendant_leafpendants_PI.jpg\",\"datePublished\":\"2022-09-20T03:36:34+00:00\",\"dateModified\":\"2022-10-11T06:40:33+00:00\",\"breadcrumb\":{\"@id\":\"https:\\\/\\\/n-dizajn.com\\\/product\\\/amazon-green-leaf-pendant\\\/#breadcrumb\"},\"inLanguage\":\"hu\",\"potentialAction\":[{\"@type\":\"ReadAction\",\"target\":[\"https:\\\/\\\/n-dizajn.com\\\/product\\\/amazon-green-leaf-pendant\\\/\"]}]},{\"@type\":\"ImageObject\",\"inLanguage\":\"hu\",\"@id\":\"https:\\\/\\\/n-dizajn.com\\\/product\\\/amazon-green-leaf-pendant\\\/#primaryimage\",\"url\":\"https:\\\/\\\/n-dizajn.com\\\/wp-content\\\/uploads\\\/2022\\\/09\\\/firstleafgreenpendant_leafpendants_PI.jpg\",\"contentUrl\":\"https:\\\/\\\/n-dizajn.com\\\/wp-content\\\/uploads\\\/2022\\\/09\\\/firstleafgreenpendant_leafpendants_PI.jpg\",\"width\":512,\"height\":512},{\"@type\":\"BreadcrumbList\",\"@id\":\"https:\\\/\\\/n-dizajn.com\\\/product\\\/amazon-green-leaf-pendant\\\/#breadcrumb\",\"itemListElement\":[{\"@type\":\"ListItem\",\"position\":1,\"name\":\"Home\",\"item\":\"https:\\\/\\\/n-dizajn.com\\\/\"},{\"@type\":\"ListItem\",\"position\":2,\"name\":\"Shop\",\"item\":\"https:\\\/\\\/n-dizajn.com\\\/\"},{\"@type\":\"ListItem\",\"position\":3,\"name\":\"Amazon Green Leaf Pendant\"}]},{\"@type\":\"WebSite\",\"@id\":\"https:\\\/\\\/n-dizajn.com\\\/#website\",\"url\":\"https:\\\/\\\/n-dizajn.com\\\/\",\"name\":\"n-dizajn\",\"description\":\"\",\"publisher\":{\"@id\":\"https:\\\/\\\/n-dizajn.com\\\/#organization\"},\"potentialAction\":[{\"@type\":\"SearchAction\",\"target\":{\"@type\":\"EntryPoint\",\"urlTemplate\":\"https:\\\/\\\/n-dizajn.com\\\/?s={search_term_string}\"},\"query-input\":{\"@type\":\"PropertyValueSpecification\",\"valueRequired\":true,\"valueName\":\"search_term_string\"}}],\"inLanguage\":\"hu\"},{\"@type\":\"Organization\",\"@id\":\"https:\\\/\\\/n-dizajn.com\\\/#organization\",\"name\":\"n-dizajn\",\"url\":\"https:\\\/\\\/n-dizajn.com\\\/\",\"logo\":{\"@type\":\"ImageObject\",\"inLanguage\":\"hu\",\"@id\":\"https:\\\/\\\/n-dizajn.com\\\/#\\\/schema\\\/logo\\\/image\\\/\",\"url\":\"https:\\\/\\\/n-dizajn.com\\\/wp-content\\\/uploads\\\/2022\\\/07\\\/cropped-Logo01_512x512.png\",\"contentUrl\":\"https:\\\/\\\/n-dizajn.com\\\/wp-content\\\/uploads\\\/2022\\\/07\\\/cropped-Logo01_512x512.png\",\"width\":512,\"height\":512,\"caption\":\"n-dizajn\"},\"image\":{\"@id\":\"https:\\\/\\\/n-dizajn.com\\\/#\\\/schema\\\/logo\\\/image\\\/\"}}]}<\/script>\n<!-- \/ Yoast SEO plugin. -->","yoast_head_json":{"title":"Amazon Green Leaf Pendant - n-dizajn","robots":{"index":"index","follow":"follow","max-snippet":"max-snippet:-1","max-image-preview":"max-image-preview:large","max-video-preview":"max-video-preview:-1"},"canonical":"https:\/\/n-dizajn.com\/hu\/termek\/amazon-green-leaf-pendant\/","og_locale":"hu_HU","og_type":"article","og_title":"Amazon Green Leaf Pendant - n-dizajn","og_description":"Amazon Green Leaf Pendant.","og_url":"https:\/\/n-dizajn.com\/hu\/termek\/amazon-green-leaf-pendant\/","og_site_name":"n-dizajn","article_modified_time":"2022-10-11T06:40:33+00:00","og_image":[{"width":512,"height":512,"url":"https:\/\/n-dizajn.com\/wp-content\/uploads\/2022\/09\/firstleafgreenpendant_leafpendants_PI.jpg","type":"image\/jpeg"}],"twitter_card":"summary_large_image","twitter_misc":{"Becs\u00fclt olvas\u00e1si id\u0151":"1 perc"},"schema":{"@context":"https:\/\/schema.org","@graph":[{"@type":"WebPage","@id":"https:\/\/n-dizajn.com\/product\/amazon-green-leaf-pendant\/","url":"https:\/\/n-dizajn.com\/product\/amazon-green-leaf-pendant\/","name":"Amazon Green Leaf Pendant - n-dizajn","isPartOf":{"@id":"https:\/\/n-dizajn.com\/#website"},"primaryImageOfPage":{"@id":"https:\/\/n-dizajn.com\/product\/amazon-green-leaf-pendant\/#primaryimage"},"image":{"@id":"https:\/\/n-dizajn.com\/product\/amazon-green-leaf-pendant\/#primaryimage"},"thumbnailUrl":"https:\/\/n-dizajn.com\/wp-content\/uploads\/2022\/09\/firstleafgreenpendant_leafpendants_PI.jpg","datePublished":"2022-09-20T03:36:34+00:00","dateModified":"2022-10-11T06:40:33+00:00","breadcrumb":{"@id":"https:\/\/n-dizajn.com\/product\/amazon-green-leaf-pendant\/#breadcrumb"},"inLanguage":"hu","potentialAction":[{"@type":"ReadAction","target":["https:\/\/n-dizajn.com\/product\/amazon-green-leaf-pendant\/"]}]},{"@type":"ImageObject","inLanguage":"hu","@id":"https:\/\/n-dizajn.com\/product\/amazon-green-leaf-pendant\/#primaryimage","url":"https:\/\/n-dizajn.com\/wp-content\/uploads\/2022\/09\/firstleafgreenpendant_leafpendants_PI.jpg","contentUrl":"https:\/\/n-dizajn.com\/wp-content\/uploads\/2022\/09\/firstleafgreenpendant_leafpendants_PI.jpg","width":512,"height":512},{"@type":"BreadcrumbList","@id":"https:\/\/n-dizajn.com\/product\/amazon-green-leaf-pendant\/#breadcrumb","itemListElement":[{"@type":"ListItem","position":1,"name":"Home","item":"https:\/\/n-dizajn.com\/"},{"@type":"ListItem","position":2,"name":"Shop","item":"https:\/\/n-dizajn.com\/"},{"@type":"ListItem","position":3,"name":"Amazon Green Leaf Pendant"}]},{"@type":"WebSite","@id":"https:\/\/n-dizajn.com\/#website","url":"https:\/\/n-dizajn.com\/","name":"n-dizajn","description":"","publisher":{"@id":"https:\/\/n-dizajn.com\/#organization"},"potentialAction":[{"@type":"SearchAction","target":{"@type":"EntryPoint","urlTemplate":"https:\/\/n-dizajn.com\/?s={search_term_string}"},"query-input":{"@type":"PropertyValueSpecification","valueRequired":true,"valueName":"search_term_string"}}],"inLanguage":"hu"},{"@type":"Organization","@id":"https:\/\/n-dizajn.com\/#organization","name":"n-dizajn","url":"https:\/\/n-dizajn.com\/","logo":{"@type":"ImageObject","inLanguage":"hu","@id":"https:\/\/n-dizajn.com\/#\/schema\/logo\/image\/","url":"https:\/\/n-dizajn.com\/wp-content\/uploads\/2022\/07\/cropped-Logo01_512x512.png","contentUrl":"https:\/\/n-dizajn.com\/wp-content\/uploads\/2022\/07\/cropped-Logo01_512x512.png","width":512,"height":512,"caption":"n-dizajn"},"image":{"@id":"https:\/\/n-dizajn.com\/#\/schema\/logo\/image\/"}}]}},"jetpack_sharing_enabled":true,"_links":{"self":[{"href":"https:\/\/n-dizajn.com\/hu\/wp-json\/wp\/v2\/product\/1302","targetHints":{"allow":["GET"]}}],"collection":[{"href":"https:\/\/n-dizajn.com\/hu\/wp-json\/wp\/v2\/product"}],"about":[{"href":"https:\/\/n-dizajn.com\/hu\/wp-json\/wp\/v2\/types\/product"}],"wp:featuredmedia":[{"embeddable":true,"href":"https:\/\/n-dizajn.com\/hu\/wp-json\/wp\/v2\/media\/1303"}],"wp:attachment":[{"href":"https:\/\/n-dizajn.com\/hu\/wp-json\/wp\/v2\/media?parent=1302"}],"wp:term":[{"taxonomy":"product_brand","embeddable":true,"href":"https:\/\/n-dizajn.com\/hu\/wp-json\/wp\/v2\/product_brand?post=1302"},{"taxonomy":"product_cat","embeddable":true,"href":"https:\/\/n-dizajn.com\/hu\/wp-json\/wp\/v2\/product_cat?post=1302"},{"taxonomy":"product_tag","embeddable":true,"href":"https:\/\/n-dizajn.com\/hu\/wp-json\/wp\/v2\/product_tag?post=1302"},{"taxonomy":"ornament_shape","embeddable":true,"href":"https:\/\/n-dizajn.com\/hu\/wp-json\/wp\/v2\/ornament_shape?post=1302"},{"taxonomy":"jewellery_type","embeddable":true,"href":"https:\/\/n-dizajn.com\/hu\/wp-json\/wp\/v2\/jewellery_type?post=1302"}],"curies":[{"name":"wp","href":"https:\/\/api.w.org\/{rel}","templated":true}]}}