{"id":1308,"date":"2022-09-20T03:52:40","date_gmt":"2022-09-20T03:52:40","guid":{"rendered":"https:\/\/n-dizajn.com\/?post_type=product&#038;p=1308"},"modified":"2022-10-07T09:40:48","modified_gmt":"2022-10-07T09:40:48","slug":"fuchsia-rainbow-sun-god-pendant","status":"publish","type":"product","link":"https:\/\/n-dizajn.com\/hu\/termek\/fuchsia-rainbow-sun-god-pendant\/","title":{"rendered":"\u00c1ttetsz\u0151 fukszia J\u00e9gistenn\u0151 nyakl\u00e1nc"},"content":{"rendered":"<p>\u00c1ttetsz\u0151 fukszia J\u00e9gistenn\u0151 nyakl\u00e1nc. \u00d3lommentes, nikkelmentes ez\u00fcstsz\u00edn\u0171 f\u00e9m\u00f6tv\u00f6zet \u00fcveggel. B\u0151rsz\u00e1lon vagy ez\u00fcstsz\u00edn\u0171 nyakl\u00e1nccal. M\u00e9ret: 56\u00d758 mm.<\/p>","protected":false},"excerpt":{"rendered":"<p>\u00c1ttetsz\u0151 fukszia J\u00e9gistenn\u0151 nyakl\u00e1nc. \u00d3lommentes, nikkelmentes ez\u00fcstsz\u00edn\u0171 f\u00e9m\u00f6tv\u00f6zet \u00fcveggel. B\u0151rsz\u00e1lon vagy ez\u00fcstsz\u00edn\u0171 nyakl\u00e1nccal. M\u00e9ret: 56\u00d758 mm.<\/p>","protected":false},"featured_media":1309,"template":"","meta":[],"product_brand":[],"product_cat":[26],"product_tag":[99,123,104],"ornament_shape":[85],"jewellery_type":[39],"class_list":{"0":"post-1308","1":"product","2":"type-product","3":"status-publish","4":"has-post-thumbnail","6":"product_cat-nature-inspired-jewellery","7":"product_tag-pink","8":"product_tag-silver","9":"product_tag-translucent","10":"ornament_shape-sun-shape","11":"jewellery_type-necklaces","13":"first","14":"outofstock","15":"shipping-taxable","16":"purchasable","17":"product-type-simple"},"yoast_head":"<!-- This site is optimized with the Yoast SEO plugin v27.4 - https:\/\/yoast.com\/product\/yoast-seo-wordpress\/ -->\n<title>Translucent Fuchsia Ice Goddess Necklace - n-dizajn<\/title>\n<meta name=\"robots\" content=\"index, follow, max-snippet:-1, max-image-preview:large, max-video-preview:-1\" \/>\n<link rel=\"canonical\" href=\"https:\/\/n-dizajn.com\/hu\/termek\/fuchsia-rainbow-sun-god-pendant\/\" \/>\n<meta property=\"og:locale\" content=\"hu_HU\" \/>\n<meta property=\"og:type\" content=\"article\" \/>\n<meta property=\"og:title\" content=\"Translucent Fuchsia Ice Goddess Necklace - n-dizajn\" \/>\n<meta property=\"og:description\" content=\"Translucent Fuchsia Ice Goddess Necklace. Lead-free, nickel-free silver tone metal alloy with glass. Comes on a leather cord or a silver tone necklace. Size: 56x58 mm.\" \/>\n<meta property=\"og:url\" content=\"https:\/\/n-dizajn.com\/hu\/termek\/fuchsia-rainbow-sun-god-pendant\/\" \/>\n<meta property=\"og:site_name\" content=\"n-dizajn\" \/>\n<meta property=\"article:modified_time\" content=\"2022-10-07T09:40:48+00:00\" \/>\n<meta property=\"og:image\" content=\"https:\/\/n-dizajn.com\/wp-content\/uploads\/2022\/09\/pinktranlucentsungodpendant_mandalapendants_PI.jpg\" \/>\n\t<meta property=\"og:image:width\" content=\"512\" \/>\n\t<meta property=\"og:image:height\" content=\"512\" \/>\n\t<meta property=\"og:image:type\" content=\"image\/jpeg\" \/>\n<meta name=\"twitter:card\" content=\"summary_large_image\" \/>\n<meta name=\"twitter:label1\" content=\"Becs\u00fclt olvas\u00e1si id\u0151\" \/>\n\t<meta name=\"twitter:data1\" content=\"1 perc\" \/>\n<script type=\"application\/ld+json\" class=\"yoast-schema-graph\">{\"@context\":\"https:\\\/\\\/schema.org\",\"@graph\":[{\"@type\":\"WebPage\",\"@id\":\"https:\\\/\\\/n-dizajn.com\\\/product\\\/fuchsia-rainbow-sun-god-pendant\\\/\",\"url\":\"https:\\\/\\\/n-dizajn.com\\\/product\\\/fuchsia-rainbow-sun-god-pendant\\\/\",\"name\":\"Translucent Fuchsia Ice Goddess Necklace - n-dizajn\",\"isPartOf\":{\"@id\":\"https:\\\/\\\/n-dizajn.com\\\/#website\"},\"primaryImageOfPage\":{\"@id\":\"https:\\\/\\\/n-dizajn.com\\\/product\\\/fuchsia-rainbow-sun-god-pendant\\\/#primaryimage\"},\"image\":{\"@id\":\"https:\\\/\\\/n-dizajn.com\\\/product\\\/fuchsia-rainbow-sun-god-pendant\\\/#primaryimage\"},\"thumbnailUrl\":\"https:\\\/\\\/n-dizajn.com\\\/wp-content\\\/uploads\\\/2022\\\/09\\\/pinktranlucentsungodpendant_mandalapendants_PI.jpg\",\"datePublished\":\"2022-09-20T03:52:40+00:00\",\"dateModified\":\"2022-10-07T09:40:48+00:00\",\"breadcrumb\":{\"@id\":\"https:\\\/\\\/n-dizajn.com\\\/product\\\/fuchsia-rainbow-sun-god-pendant\\\/#breadcrumb\"},\"inLanguage\":\"hu\",\"potentialAction\":[{\"@type\":\"ReadAction\",\"target\":[\"https:\\\/\\\/n-dizajn.com\\\/product\\\/fuchsia-rainbow-sun-god-pendant\\\/\"]}]},{\"@type\":\"ImageObject\",\"inLanguage\":\"hu\",\"@id\":\"https:\\\/\\\/n-dizajn.com\\\/product\\\/fuchsia-rainbow-sun-god-pendant\\\/#primaryimage\",\"url\":\"https:\\\/\\\/n-dizajn.com\\\/wp-content\\\/uploads\\\/2022\\\/09\\\/pinktranlucentsungodpendant_mandalapendants_PI.jpg\",\"contentUrl\":\"https:\\\/\\\/n-dizajn.com\\\/wp-content\\\/uploads\\\/2022\\\/09\\\/pinktranlucentsungodpendant_mandalapendants_PI.jpg\",\"width\":512,\"height\":512},{\"@type\":\"BreadcrumbList\",\"@id\":\"https:\\\/\\\/n-dizajn.com\\\/product\\\/fuchsia-rainbow-sun-god-pendant\\\/#breadcrumb\",\"itemListElement\":[{\"@type\":\"ListItem\",\"position\":1,\"name\":\"Home\",\"item\":\"https:\\\/\\\/n-dizajn.com\\\/\"},{\"@type\":\"ListItem\",\"position\":2,\"name\":\"Shop\",\"item\":\"https:\\\/\\\/n-dizajn.com\\\/\"},{\"@type\":\"ListItem\",\"position\":3,\"name\":\"Translucent Fuchsia Ice Goddess Necklace\"}]},{\"@type\":\"WebSite\",\"@id\":\"https:\\\/\\\/n-dizajn.com\\\/#website\",\"url\":\"https:\\\/\\\/n-dizajn.com\\\/\",\"name\":\"n-dizajn\",\"description\":\"\",\"publisher\":{\"@id\":\"https:\\\/\\\/n-dizajn.com\\\/#organization\"},\"potentialAction\":[{\"@type\":\"SearchAction\",\"target\":{\"@type\":\"EntryPoint\",\"urlTemplate\":\"https:\\\/\\\/n-dizajn.com\\\/?s={search_term_string}\"},\"query-input\":{\"@type\":\"PropertyValueSpecification\",\"valueRequired\":true,\"valueName\":\"search_term_string\"}}],\"inLanguage\":\"hu\"},{\"@type\":\"Organization\",\"@id\":\"https:\\\/\\\/n-dizajn.com\\\/#organization\",\"name\":\"n-dizajn\",\"url\":\"https:\\\/\\\/n-dizajn.com\\\/\",\"logo\":{\"@type\":\"ImageObject\",\"inLanguage\":\"hu\",\"@id\":\"https:\\\/\\\/n-dizajn.com\\\/#\\\/schema\\\/logo\\\/image\\\/\",\"url\":\"https:\\\/\\\/n-dizajn.com\\\/wp-content\\\/uploads\\\/2022\\\/07\\\/cropped-Logo01_512x512.png\",\"contentUrl\":\"https:\\\/\\\/n-dizajn.com\\\/wp-content\\\/uploads\\\/2022\\\/07\\\/cropped-Logo01_512x512.png\",\"width\":512,\"height\":512,\"caption\":\"n-dizajn\"},\"image\":{\"@id\":\"https:\\\/\\\/n-dizajn.com\\\/#\\\/schema\\\/logo\\\/image\\\/\"}}]}<\/script>\n<!-- \/ Yoast SEO plugin. -->","yoast_head_json":{"title":"Translucent Fuchsia Ice Goddess Necklace - n-dizajn","robots":{"index":"index","follow":"follow","max-snippet":"max-snippet:-1","max-image-preview":"max-image-preview:large","max-video-preview":"max-video-preview:-1"},"canonical":"https:\/\/n-dizajn.com\/hu\/termek\/fuchsia-rainbow-sun-god-pendant\/","og_locale":"hu_HU","og_type":"article","og_title":"Translucent Fuchsia Ice Goddess Necklace - n-dizajn","og_description":"Translucent Fuchsia Ice Goddess Necklace. Lead-free, nickel-free silver tone metal alloy with glass. Comes on a leather cord or a silver tone necklace. Size: 56x58 mm.","og_url":"https:\/\/n-dizajn.com\/hu\/termek\/fuchsia-rainbow-sun-god-pendant\/","og_site_name":"n-dizajn","article_modified_time":"2022-10-07T09:40:48+00:00","og_image":[{"width":512,"height":512,"url":"https:\/\/n-dizajn.com\/wp-content\/uploads\/2022\/09\/pinktranlucentsungodpendant_mandalapendants_PI.jpg","type":"image\/jpeg"}],"twitter_card":"summary_large_image","twitter_misc":{"Becs\u00fclt olvas\u00e1si id\u0151":"1 perc"},"schema":{"@context":"https:\/\/schema.org","@graph":[{"@type":"WebPage","@id":"https:\/\/n-dizajn.com\/product\/fuchsia-rainbow-sun-god-pendant\/","url":"https:\/\/n-dizajn.com\/product\/fuchsia-rainbow-sun-god-pendant\/","name":"Translucent Fuchsia Ice Goddess Necklace - n-dizajn","isPartOf":{"@id":"https:\/\/n-dizajn.com\/#website"},"primaryImageOfPage":{"@id":"https:\/\/n-dizajn.com\/product\/fuchsia-rainbow-sun-god-pendant\/#primaryimage"},"image":{"@id":"https:\/\/n-dizajn.com\/product\/fuchsia-rainbow-sun-god-pendant\/#primaryimage"},"thumbnailUrl":"https:\/\/n-dizajn.com\/wp-content\/uploads\/2022\/09\/pinktranlucentsungodpendant_mandalapendants_PI.jpg","datePublished":"2022-09-20T03:52:40+00:00","dateModified":"2022-10-07T09:40:48+00:00","breadcrumb":{"@id":"https:\/\/n-dizajn.com\/product\/fuchsia-rainbow-sun-god-pendant\/#breadcrumb"},"inLanguage":"hu","potentialAction":[{"@type":"ReadAction","target":["https:\/\/n-dizajn.com\/product\/fuchsia-rainbow-sun-god-pendant\/"]}]},{"@type":"ImageObject","inLanguage":"hu","@id":"https:\/\/n-dizajn.com\/product\/fuchsia-rainbow-sun-god-pendant\/#primaryimage","url":"https:\/\/n-dizajn.com\/wp-content\/uploads\/2022\/09\/pinktranlucentsungodpendant_mandalapendants_PI.jpg","contentUrl":"https:\/\/n-dizajn.com\/wp-content\/uploads\/2022\/09\/pinktranlucentsungodpendant_mandalapendants_PI.jpg","width":512,"height":512},{"@type":"BreadcrumbList","@id":"https:\/\/n-dizajn.com\/product\/fuchsia-rainbow-sun-god-pendant\/#breadcrumb","itemListElement":[{"@type":"ListItem","position":1,"name":"Home","item":"https:\/\/n-dizajn.com\/"},{"@type":"ListItem","position":2,"name":"Shop","item":"https:\/\/n-dizajn.com\/"},{"@type":"ListItem","position":3,"name":"Translucent Fuchsia Ice Goddess Necklace"}]},{"@type":"WebSite","@id":"https:\/\/n-dizajn.com\/#website","url":"https:\/\/n-dizajn.com\/","name":"n-dizajn","description":"","publisher":{"@id":"https:\/\/n-dizajn.com\/#organization"},"potentialAction":[{"@type":"SearchAction","target":{"@type":"EntryPoint","urlTemplate":"https:\/\/n-dizajn.com\/?s={search_term_string}"},"query-input":{"@type":"PropertyValueSpecification","valueRequired":true,"valueName":"search_term_string"}}],"inLanguage":"hu"},{"@type":"Organization","@id":"https:\/\/n-dizajn.com\/#organization","name":"n-dizajn","url":"https:\/\/n-dizajn.com\/","logo":{"@type":"ImageObject","inLanguage":"hu","@id":"https:\/\/n-dizajn.com\/#\/schema\/logo\/image\/","url":"https:\/\/n-dizajn.com\/wp-content\/uploads\/2022\/07\/cropped-Logo01_512x512.png","contentUrl":"https:\/\/n-dizajn.com\/wp-content\/uploads\/2022\/07\/cropped-Logo01_512x512.png","width":512,"height":512,"caption":"n-dizajn"},"image":{"@id":"https:\/\/n-dizajn.com\/#\/schema\/logo\/image\/"}}]}},"jetpack_sharing_enabled":true,"_links":{"self":[{"href":"https:\/\/n-dizajn.com\/hu\/wp-json\/wp\/v2\/product\/1308","targetHints":{"allow":["GET"]}}],"collection":[{"href":"https:\/\/n-dizajn.com\/hu\/wp-json\/wp\/v2\/product"}],"about":[{"href":"https:\/\/n-dizajn.com\/hu\/wp-json\/wp\/v2\/types\/product"}],"wp:featuredmedia":[{"embeddable":true,"href":"https:\/\/n-dizajn.com\/hu\/wp-json\/wp\/v2\/media\/1309"}],"wp:attachment":[{"href":"https:\/\/n-dizajn.com\/hu\/wp-json\/wp\/v2\/media?parent=1308"}],"wp:term":[{"taxonomy":"product_brand","embeddable":true,"href":"https:\/\/n-dizajn.com\/hu\/wp-json\/wp\/v2\/product_brand?post=1308"},{"taxonomy":"product_cat","embeddable":true,"href":"https:\/\/n-dizajn.com\/hu\/wp-json\/wp\/v2\/product_cat?post=1308"},{"taxonomy":"product_tag","embeddable":true,"href":"https:\/\/n-dizajn.com\/hu\/wp-json\/wp\/v2\/product_tag?post=1308"},{"taxonomy":"ornament_shape","embeddable":true,"href":"https:\/\/n-dizajn.com\/hu\/wp-json\/wp\/v2\/ornament_shape?post=1308"},{"taxonomy":"jewellery_type","embeddable":true,"href":"https:\/\/n-dizajn.com\/hu\/wp-json\/wp\/v2\/jewellery_type?post=1308"}],"curies":[{"name":"wp","href":"https:\/\/api.w.org\/{rel}","templated":true}]}}