{"id":229,"date":"2022-07-28T06:28:55","date_gmt":"2022-07-28T06:28:55","guid":{"rendered":"https:\/\/n-dizajn.com\/?post_type=product&#038;p=229"},"modified":"2022-10-11T06:27:59","modified_gmt":"2022-10-11T06:27:59","slug":"kaleidoscope-shell-earrings","status":"publish","type":"product","link":"https:\/\/n-dizajn.com\/hu\/termek\/kaleidoscope-shell-earrings\/","title":{"rendered":"Kaleidoszk\u00f3 kagyl\u00f3 f\u00fclbeval\u00f3"},"content":{"rendered":"<p>Kaleidoszk\u00f3 kagyl\u00f3 f\u00fclbeval\u00f3.<\/p>\n<p>\u00d3lommentes, nikkelmetes ez\u00fcstsz\u00edn\u0171 f\u00e9m\u00f6tv\u00f6zet \u00e9s \u00fcveg.<\/p>\n<p>M\u00e9ret:  60 mm.<\/p>","protected":false},"excerpt":{"rendered":"<p>Kaleidoszk\u00f3 kagyl\u00f3 f\u00fclbeval\u00f3.<\/p>","protected":false},"featured_media":230,"template":"","meta":[],"product_brand":[],"product_cat":[25],"product_tag":[92,93,108,94,95,96,97,98,99,100,101,102,103,104,105,106,107],"ornament_shape":[42,43,44,45,46,47],"jewellery_type":[36],"class_list":{"0":"post-229","1":"product","2":"type-product","3":"status-publish","4":"has-post-thumbnail","6":"product_cat-kaleidoscope-jewellery","7":"product_tag-blue","8":"product_tag-brown","9":"product_tag-colourful","10":"product_tag-gold","11":"product_tag-green","12":"product_tag-mosaic","13":"product_tag-offwhite","14":"product_tag-orange","15":"product_tag-pink","16":"product_tag-purple","17":"product_tag-red","18":"product_tag-rust","19":"product_tag-teal","20":"product_tag-translucent","21":"product_tag-turquise","22":"product_tag-white","23":"product_tag-yellow","24":"ornament_shape-angel-shape","25":"ornament_shape-ankh-shape","26":"ornament_shape-bat-shape","27":"ornament_shape-bee-shape","28":"ornament_shape-bird-shape","29":"ornament_shape-butterfly-shape","30":"jewellery_type-earrings","32":"first","33":"outofstock","34":"shipping-taxable","35":"purchasable","36":"product-type-simple"},"yoast_head":"<!-- This site is optimized with the Yoast SEO plugin v27.5 - https:\/\/yoast.com\/product\/yoast-seo-wordpress\/ -->\n<title>Kaleidoscope shell earrings - n-dizajn<\/title>\n<meta name=\"robots\" content=\"index, follow, max-snippet:-1, max-image-preview:large, max-video-preview:-1\" \/>\n<link rel=\"canonical\" href=\"https:\/\/n-dizajn.com\/hu\/termek\/kaleidoscope-shell-earrings\/\" \/>\n<meta property=\"og:locale\" content=\"hu_HU\" \/>\n<meta property=\"og:type\" content=\"article\" \/>\n<meta property=\"og:title\" content=\"Kaleidoscope shell earrings - n-dizajn\" \/>\n<meta property=\"og:description\" content=\"Kaleidoscope shell earrings.\" \/>\n<meta property=\"og:url\" content=\"https:\/\/n-dizajn.com\/hu\/termek\/kaleidoscope-shell-earrings\/\" \/>\n<meta property=\"og:site_name\" content=\"n-dizajn\" \/>\n<meta property=\"article:modified_time\" content=\"2022-10-11T06:27:59+00:00\" \/>\n<meta property=\"og:image\" content=\"https:\/\/n-dizajn.com\/wp-content\/uploads\/2022\/07\/Kaleidoscope_shell_earrings_02.jpg\" \/>\n\t<meta property=\"og:image:width\" content=\"512\" \/>\n\t<meta property=\"og:image:height\" content=\"512\" \/>\n\t<meta property=\"og:image:type\" content=\"image\/jpeg\" \/>\n<meta name=\"twitter:card\" content=\"summary_large_image\" \/>\n<meta name=\"twitter:label1\" content=\"Becs\u00fclt olvas\u00e1si id\u0151\" \/>\n\t<meta name=\"twitter:data1\" content=\"1 perc\" \/>\n<script type=\"application\/ld+json\" class=\"yoast-schema-graph\">{\"@context\":\"https:\\\/\\\/schema.org\",\"@graph\":[{\"@type\":\"WebPage\",\"@id\":\"https:\\\/\\\/n-dizajn.com\\\/product\\\/kaleidoscope-shell-earrings\\\/\",\"url\":\"https:\\\/\\\/n-dizajn.com\\\/product\\\/kaleidoscope-shell-earrings\\\/\",\"name\":\"Kaleidoscope shell earrings - n-dizajn\",\"isPartOf\":{\"@id\":\"https:\\\/\\\/n-dizajn.com\\\/#website\"},\"primaryImageOfPage\":{\"@id\":\"https:\\\/\\\/n-dizajn.com\\\/product\\\/kaleidoscope-shell-earrings\\\/#primaryimage\"},\"image\":{\"@id\":\"https:\\\/\\\/n-dizajn.com\\\/product\\\/kaleidoscope-shell-earrings\\\/#primaryimage\"},\"thumbnailUrl\":\"https:\\\/\\\/n-dizajn.com\\\/wp-content\\\/uploads\\\/2022\\\/07\\\/Kaleidoscope_shell_earrings_02.jpg\",\"datePublished\":\"2022-07-28T06:28:55+00:00\",\"dateModified\":\"2022-10-11T06:27:59+00:00\",\"breadcrumb\":{\"@id\":\"https:\\\/\\\/n-dizajn.com\\\/product\\\/kaleidoscope-shell-earrings\\\/#breadcrumb\"},\"inLanguage\":\"hu\",\"potentialAction\":[{\"@type\":\"ReadAction\",\"target\":[\"https:\\\/\\\/n-dizajn.com\\\/product\\\/kaleidoscope-shell-earrings\\\/\"]}]},{\"@type\":\"ImageObject\",\"inLanguage\":\"hu\",\"@id\":\"https:\\\/\\\/n-dizajn.com\\\/product\\\/kaleidoscope-shell-earrings\\\/#primaryimage\",\"url\":\"https:\\\/\\\/n-dizajn.com\\\/wp-content\\\/uploads\\\/2022\\\/07\\\/Kaleidoscope_shell_earrings_02.jpg\",\"contentUrl\":\"https:\\\/\\\/n-dizajn.com\\\/wp-content\\\/uploads\\\/2022\\\/07\\\/Kaleidoscope_shell_earrings_02.jpg\",\"width\":512,\"height\":512},{\"@type\":\"BreadcrumbList\",\"@id\":\"https:\\\/\\\/n-dizajn.com\\\/product\\\/kaleidoscope-shell-earrings\\\/#breadcrumb\",\"itemListElement\":[{\"@type\":\"ListItem\",\"position\":1,\"name\":\"Home\",\"item\":\"https:\\\/\\\/n-dizajn.com\\\/\"},{\"@type\":\"ListItem\",\"position\":2,\"name\":\"Shop\",\"item\":\"https:\\\/\\\/n-dizajn.com\\\/\"},{\"@type\":\"ListItem\",\"position\":3,\"name\":\"Kaleidoscope shell earrings\"}]},{\"@type\":\"WebSite\",\"@id\":\"https:\\\/\\\/n-dizajn.com\\\/#website\",\"url\":\"https:\\\/\\\/n-dizajn.com\\\/\",\"name\":\"n-dizajn\",\"description\":\"\",\"publisher\":{\"@id\":\"https:\\\/\\\/n-dizajn.com\\\/#organization\"},\"potentialAction\":[{\"@type\":\"SearchAction\",\"target\":{\"@type\":\"EntryPoint\",\"urlTemplate\":\"https:\\\/\\\/n-dizajn.com\\\/?s={search_term_string}\"},\"query-input\":{\"@type\":\"PropertyValueSpecification\",\"valueRequired\":true,\"valueName\":\"search_term_string\"}}],\"inLanguage\":\"hu\"},{\"@type\":\"Organization\",\"@id\":\"https:\\\/\\\/n-dizajn.com\\\/#organization\",\"name\":\"n-dizajn\",\"url\":\"https:\\\/\\\/n-dizajn.com\\\/\",\"logo\":{\"@type\":\"ImageObject\",\"inLanguage\":\"hu\",\"@id\":\"https:\\\/\\\/n-dizajn.com\\\/#\\\/schema\\\/logo\\\/image\\\/\",\"url\":\"https:\\\/\\\/n-dizajn.com\\\/wp-content\\\/uploads\\\/2022\\\/07\\\/cropped-Logo01_512x512.png\",\"contentUrl\":\"https:\\\/\\\/n-dizajn.com\\\/wp-content\\\/uploads\\\/2022\\\/07\\\/cropped-Logo01_512x512.png\",\"width\":512,\"height\":512,\"caption\":\"n-dizajn\"},\"image\":{\"@id\":\"https:\\\/\\\/n-dizajn.com\\\/#\\\/schema\\\/logo\\\/image\\\/\"}}]}<\/script>\n<!-- \/ Yoast SEO plugin. -->","yoast_head_json":{"title":"Kaleidoscope shell earrings - n-dizajn","robots":{"index":"index","follow":"follow","max-snippet":"max-snippet:-1","max-image-preview":"max-image-preview:large","max-video-preview":"max-video-preview:-1"},"canonical":"https:\/\/n-dizajn.com\/hu\/termek\/kaleidoscope-shell-earrings\/","og_locale":"hu_HU","og_type":"article","og_title":"Kaleidoscope shell earrings - n-dizajn","og_description":"Kaleidoscope shell earrings.","og_url":"https:\/\/n-dizajn.com\/hu\/termek\/kaleidoscope-shell-earrings\/","og_site_name":"n-dizajn","article_modified_time":"2022-10-11T06:27:59+00:00","og_image":[{"width":512,"height":512,"url":"https:\/\/n-dizajn.com\/wp-content\/uploads\/2022\/07\/Kaleidoscope_shell_earrings_02.jpg","type":"image\/jpeg"}],"twitter_card":"summary_large_image","twitter_misc":{"Becs\u00fclt olvas\u00e1si id\u0151":"1 perc"},"schema":{"@context":"https:\/\/schema.org","@graph":[{"@type":"WebPage","@id":"https:\/\/n-dizajn.com\/product\/kaleidoscope-shell-earrings\/","url":"https:\/\/n-dizajn.com\/product\/kaleidoscope-shell-earrings\/","name":"Kaleidoscope shell earrings - n-dizajn","isPartOf":{"@id":"https:\/\/n-dizajn.com\/#website"},"primaryImageOfPage":{"@id":"https:\/\/n-dizajn.com\/product\/kaleidoscope-shell-earrings\/#primaryimage"},"image":{"@id":"https:\/\/n-dizajn.com\/product\/kaleidoscope-shell-earrings\/#primaryimage"},"thumbnailUrl":"https:\/\/n-dizajn.com\/wp-content\/uploads\/2022\/07\/Kaleidoscope_shell_earrings_02.jpg","datePublished":"2022-07-28T06:28:55+00:00","dateModified":"2022-10-11T06:27:59+00:00","breadcrumb":{"@id":"https:\/\/n-dizajn.com\/product\/kaleidoscope-shell-earrings\/#breadcrumb"},"inLanguage":"hu","potentialAction":[{"@type":"ReadAction","target":["https:\/\/n-dizajn.com\/product\/kaleidoscope-shell-earrings\/"]}]},{"@type":"ImageObject","inLanguage":"hu","@id":"https:\/\/n-dizajn.com\/product\/kaleidoscope-shell-earrings\/#primaryimage","url":"https:\/\/n-dizajn.com\/wp-content\/uploads\/2022\/07\/Kaleidoscope_shell_earrings_02.jpg","contentUrl":"https:\/\/n-dizajn.com\/wp-content\/uploads\/2022\/07\/Kaleidoscope_shell_earrings_02.jpg","width":512,"height":512},{"@type":"BreadcrumbList","@id":"https:\/\/n-dizajn.com\/product\/kaleidoscope-shell-earrings\/#breadcrumb","itemListElement":[{"@type":"ListItem","position":1,"name":"Home","item":"https:\/\/n-dizajn.com\/"},{"@type":"ListItem","position":2,"name":"Shop","item":"https:\/\/n-dizajn.com\/"},{"@type":"ListItem","position":3,"name":"Kaleidoscope shell earrings"}]},{"@type":"WebSite","@id":"https:\/\/n-dizajn.com\/#website","url":"https:\/\/n-dizajn.com\/","name":"n-dizajn","description":"","publisher":{"@id":"https:\/\/n-dizajn.com\/#organization"},"potentialAction":[{"@type":"SearchAction","target":{"@type":"EntryPoint","urlTemplate":"https:\/\/n-dizajn.com\/?s={search_term_string}"},"query-input":{"@type":"PropertyValueSpecification","valueRequired":true,"valueName":"search_term_string"}}],"inLanguage":"hu"},{"@type":"Organization","@id":"https:\/\/n-dizajn.com\/#organization","name":"n-dizajn","url":"https:\/\/n-dizajn.com\/","logo":{"@type":"ImageObject","inLanguage":"hu","@id":"https:\/\/n-dizajn.com\/#\/schema\/logo\/image\/","url":"https:\/\/n-dizajn.com\/wp-content\/uploads\/2022\/07\/cropped-Logo01_512x512.png","contentUrl":"https:\/\/n-dizajn.com\/wp-content\/uploads\/2022\/07\/cropped-Logo01_512x512.png","width":512,"height":512,"caption":"n-dizajn"},"image":{"@id":"https:\/\/n-dizajn.com\/#\/schema\/logo\/image\/"}}]}},"jetpack_sharing_enabled":true,"_links":{"self":[{"href":"https:\/\/n-dizajn.com\/hu\/wp-json\/wp\/v2\/product\/229","targetHints":{"allow":["GET"]}}],"collection":[{"href":"https:\/\/n-dizajn.com\/hu\/wp-json\/wp\/v2\/product"}],"about":[{"href":"https:\/\/n-dizajn.com\/hu\/wp-json\/wp\/v2\/types\/product"}],"wp:featuredmedia":[{"embeddable":true,"href":"https:\/\/n-dizajn.com\/hu\/wp-json\/wp\/v2\/media\/230"}],"wp:attachment":[{"href":"https:\/\/n-dizajn.com\/hu\/wp-json\/wp\/v2\/media?parent=229"}],"wp:term":[{"taxonomy":"product_brand","embeddable":true,"href":"https:\/\/n-dizajn.com\/hu\/wp-json\/wp\/v2\/product_brand?post=229"},{"taxonomy":"product_cat","embeddable":true,"href":"https:\/\/n-dizajn.com\/hu\/wp-json\/wp\/v2\/product_cat?post=229"},{"taxonomy":"product_tag","embeddable":true,"href":"https:\/\/n-dizajn.com\/hu\/wp-json\/wp\/v2\/product_tag?post=229"},{"taxonomy":"ornament_shape","embeddable":true,"href":"https:\/\/n-dizajn.com\/hu\/wp-json\/wp\/v2\/ornament_shape?post=229"},{"taxonomy":"jewellery_type","embeddable":true,"href":"https:\/\/n-dizajn.com\/hu\/wp-json\/wp\/v2\/jewellery_type?post=229"}],"curies":[{"name":"wp","href":"https:\/\/api.w.org\/{rel}","templated":true}]}}